{"id":85,"date":"2025-11-23T20:39:13","date_gmt":"2025-11-23T20:39:13","guid":{"rendered":"https:\/\/basketball-meschede.de\/?page_id=85"},"modified":"2026-03-16T19:05:17","modified_gmt":"2026-03-16T19:05:17","slug":"mitgliedschaft","status":"publish","type":"page","link":"https:\/\/basketball-meschede.de\/?page_id=85","title":{"rendered":"Mitgliedschaft"},"content":{"rendered":"<p><\/p>\n<p><strong>Beitritt<\/strong><\/p>\n<p><\/p>\n<p>Das\u00a0Beitrittsformular bitte ausf\u00fcllen, beim \u00dcbungsleiter oder Abteilungleiter abgeben oder versenden an<br \/>SSV MESCHEDE<br \/>Mitgliederverwaltung<br \/>Heidering 28a<br \/>59872 Meschede<\/p>\n<p><\/p>\n<p>Bitte weitere Familienmitglieder, die bereits im SSV Meschede Mitglied sind,<br \/>mit Name, Vorname, Geburtsdatum und Abteilung angeben!<\/p>\n<p><\/p>\n<hr \/>\n<p><\/p>\n<p><strong>Mitgliedsbeitr\u00e4ge pro Jahr<br \/><\/strong>&#8211; g\u00fcltig seit 01.01.25, beschlossen auf der Mitgliedervers. am 29.04.2025 &#8211;<\/p>\n<p><\/p>\n<figure>\n<table>\n<tbody>\n<tr>\n<td>\u25cf<\/td>\n<td>Kinder \/ Jugendliche<\/td>\n<td>62,-\u20ac<\/td>\n<\/tr>\n<tr>\n<td>\u25cf<\/td>\n<td>Erwachsene<\/td>\n<td>96,-\u20ac<\/td>\n<\/tr>\n<tr>\n<td>\u25cf<\/td>\n<td>Familienmitgliedschaft (2 Pers.)\u00a0 \u00a0<\/td>\n<td>120,-\u20ac<\/td>\n<\/tr>\n<tr>\n<td>\u25cf<\/td>\n<td>Familienmitgliedschaft (&gt; = 3 Pers.)<\/td>\n<td>140,-\u20ac<\/td>\n<\/tr>\n<\/tbody>\n<\/table>\n<\/figure>\n<p><\/p>\n<p><br \/>F\u00fcr einige Abteilungen wird ein zus\u00e4tzlicher Abteilungsbeitrag erhoben.<\/p>\n<p><\/p>\n<p>Die neuen Beitr\u00e4gen enthalten auch den sog. Solidarbeitrag f\u00fcr die Sportst\u00e4ttennutzung<br \/>(wird an die Stadt Meschede abgef\u00fchrt).<br \/><a style=\"color: #000000;\" href=\"http:\/\/ssv-meschede.de\/images\/M_images\/SSV\/Formulare\/Informationen_zum_Solidarbeitrag_13.05.25.pdf\" target=\"_blank\" rel=\"noreferrer noopener\">[mehr]<\/a><\/p>\n<p><\/p>\n<hr \/>\n<p><\/p>\n<p><strong>Beitragserstattung aus dem Teilhabepaket<\/strong><\/p>\n<p><\/p>\n<p><a style=\"color: #000000;\" href=\"http:\/\/ssv-meschede.de\/index.php\/home\/mitgliedschaft\/bildungs-und-teilhabepaket\" target=\"_blank\" rel=\"noreferrer noopener\">[Informationen hier]<\/a><\/p>\n<p><\/p>\n<hr \/>\n<p><\/p>\n<p><strong>Mitgliedschafts\u00e4nderungen \/ Austritt<\/strong><\/p>\n<p><\/p>\n<p>K\u00fcndigungen oder \u00c4nderungen\u00a0<strong>bitte nur schriftlich<\/strong>\u00a0(formlos,<strong> per eMail<\/strong>, auch Postkarte reicht) \u00fcber die Abteilungsleiter<br \/>oder direkt\u00a0 an den<\/p>\n<p><\/p>\n<p>SSV MESCHEDE<br \/>&#8211; Mitgliederverwaltung &#8211;<br \/>Heidering 28a<br \/>59872 Meschede<br \/>info@ssv-meschede.de<\/p>\n<p><\/p>\n<p>Best\u00e4tigungen erfolgen grunds\u00e4tzlich per eMail.<\/p>\n<p><\/p>\n<p>Bitte Datum, K\u00fcndigung-zum-Datum, Vorname, Name (ggf. Geburtsname),<br \/>Adresse, Tel. Nr., Geb.-Datum, m\u00f6glichst Abteilung(en) und Unterschrift nicht vergessen.<br \/>Weitere Infomationen siehe auch <a style=\"color: #000000;\" href=\"http:\/\/ssv-meschede.de\/images\/M_images\/SSV\/Satzung_SSV_Meschede_Vers041121.pdf\" target=\"_blank\" rel=\"noreferrer noopener\">Vereinssatzung <\/a>\u00a74.<\/p>\n<p><\/p>","protected":false},"excerpt":{"rendered":"<p>Beitritt Das\u00a0Beitrittsformular bitte ausf\u00fcllen, beim \u00dcbungsleiter oder Abteilungleiter abgeben oder versenden anSSV MESCHEDEMitgliederverwaltungHeidering 28a59872 Meschede Bitte weitere Familienmitglieder, die bereits im SSV Meschede Mitglied sind,mit Name, Vorname, Geburtsdatum und Abteilung angeben! Mitgliedsbeitr\u00e4ge pro Jahr&#8211; g\u00fcltig seit 01.01.25, beschlossen auf der Mitgliedervers. am 29.04.2025 &#8211; \u25cf Kinder \/ Jugendliche 62,-\u20ac \u25cf Erwachsene 96,-\u20ac \u25cf Familienmitgliedschaft (2<\/p>\n<p class=\"more-link\"><a href=\"https:\/\/basketball-meschede.de\/?page_id=85\" class=\"themebutton2\">Read More<\/a><\/p>\n","protected":false},"author":1,"featured_media":0,"parent":0,"menu_order":0,"comment_status":"closed","ping_status":"closed","template":"","meta":{"footnotes":""},"categories":[],"tags":[],"class_list":["post-85","page","type-page","status-publish","hentry"],"_links":{"self":[{"href":"https:\/\/basketball-meschede.de\/index.php?rest_route=\/wp\/v2\/pages\/85","targetHints":{"allow":["GET"]}}],"collection":[{"href":"https:\/\/basketball-meschede.de\/index.php?rest_route=\/wp\/v2\/pages"}],"about":[{"href":"https:\/\/basketball-meschede.de\/index.php?rest_route=\/wp\/v2\/types\/page"}],"author":[{"embeddable":true,"href":"https:\/\/basketball-meschede.de\/index.php?rest_route=\/wp\/v2\/users\/1"}],"replies":[{"embeddable":true,"href":"https:\/\/basketball-meschede.de\/index.php?rest_route=%2Fwp%2Fv2%2Fcomments&post=85"}],"version-history":[{"count":7,"href":"https:\/\/basketball-meschede.de\/index.php?rest_route=\/wp\/v2\/pages\/85\/revisions"}],"predecessor-version":[{"id":371,"href":"https:\/\/basketball-meschede.de\/index.php?rest_route=\/wp\/v2\/pages\/85\/revisions\/371"}],"wp:attachment":[{"href":"https:\/\/basketball-meschede.de\/index.php?rest_route=%2Fwp%2Fv2%2Fmedia&parent=85"}],"wp:term":[{"taxonomy":"category","embeddable":true,"href":"https:\/\/basketball-meschede.de\/index.php?rest_route=%2Fwp%2Fv2%2Fcategories&post=85"},{"taxonomy":"post_tag","embeddable":true,"href":"https:\/\/basketball-meschede.de\/index.php?rest_route=%2Fwp%2Fv2%2Ftags&post=85"}],"curies":[{"name":"wp","href":"https:\/\/api.w.org\/{rel}","templated":true}]}}