{"id":515,"date":"2026-03-17T18:12:31","date_gmt":"2026-03-17T18:12:31","guid":{"rendered":"https:\/\/basketball-meschede.de\/?page_id=515"},"modified":"2026-03-17T18:18:56","modified_gmt":"2026-03-17T18:18:56","slug":"kinder-und-jugensport","status":"publish","type":"page","link":"https:\/\/basketball-meschede.de\/?page_id=515","title":{"rendered":"Kinder- und Jugensport"},"content":{"rendered":"\n<figure class=\"wp-block-image size-large\"><img loading=\"lazy\" decoding=\"async\" width=\"1024\" height=\"247\" src=\"https:\/\/basketball-meschede.de\/wp-content\/uploads\/2026\/03\/image-1024x247.png\" alt=\"\" class=\"wp-image-523\" srcset=\"https:\/\/basketball-meschede.de\/wp-content\/uploads\/2026\/03\/image-1024x247.png 1024w, https:\/\/basketball-meschede.de\/wp-content\/uploads\/2026\/03\/image-300x72.png 300w, https:\/\/basketball-meschede.de\/wp-content\/uploads\/2026\/03\/image-768x186.png 768w, https:\/\/basketball-meschede.de\/wp-content\/uploads\/2026\/03\/image.png 1246w\" sizes=\"auto, (max-width: 1024px) 100vw, 1024px\" \/><\/figure>\n\n\n\n<p><strong>S<\/strong>piel und&nbsp;<strong>S<\/strong>port&nbsp;<s><strong>V<\/strong><\/s><strong>f<\/strong>\u00fcr Kids<\/p>\n\n\n\n<p><strong>Hi!<\/strong><\/p>\n\n\n\n<p><strong>Hier informieren wir dich \u00fcber alle Angebote, die der SSV Meschede f\u00fcr Kinder und Jugendliche bereith\u00e4lt.<br>Der Verein hat ungef\u00e4hr 1.750 Mitglieder und ist in 11 Abteilungen gegliedert.<br>Folgende Abteilungen bieten Sport f\u00fcr Kinder und Jugendliche an:<\/strong><\/p>\n\n\n\n<hr class=\"wp-block-separator has-alpha-channel-opacity\"\/>\n\n\n\n<p><strong><a href=\"https:\/\/www.ssv-meschede.de\/images\/M_images\/SSV\/Notizzettel_Badminton.png\"><\/a>Badminton<\/strong><img loading=\"lazy\" decoding=\"async\" src=\"https:\/\/www.ssv-meschede.de\/images\/M_images\/Insider\/Logos_Grafiken\/Abteilg_Piktogramme\/Badminton.jpg\" alt=\"Badminton\" width=\"50\" height=\"66\"><\/p>\n\n\n\n<p>Im Gegensatz zum \u201eStra\u00dfenfederball\u201c geht es beim Badminton darum, sich im Spiel wichtige Punkte zu erk\u00e4mpfen. Es handelt sich ausschlie\u00dflich um eine Indoor-Sportart. Gespielt wird auf einem Feld mit Netz. Sowohl Einzel, als auch Doppel sowie Mixed sind m\u00f6glich. Somit ist Badminton eine Einzel- und Teamsportart. Viele unterschiedliche Spielvarianten erfordern Ausdauer, Kondition, Koordination, Kraft und Taktik.<br><img loading=\"lazy\" decoding=\"async\" src=\"https:\/\/www.ssv-meschede.de\/images\/M_images\/Badminton\/Badminton.jpg\" alt=\"Badminton\" width=\"100\" height=\"120\">Im Kinder- und Jugendbereich bieten wir freies Hobbyspielen an. Es ist immer ein \u00dcbungsleiter anwesend, der die Trainingsaufgaben \u00fcbernimmt, erkl\u00e4rt, Tipps gibt usw.<br>Kinder- und Jugendtraining ab ca. 9 J. \u2013 14 J. ist immer freitags von 16:30-18:30 in der Sporthalle D\u00fcnnefeld.<br>Ansprechpartner und&nbsp;Abteilungsleiter<br><strong>Robin Westhoff | Mobil&nbsp;0151 21745726 | eMail <a href=\"mailto:badminton@ssv-meschede.de\">badminton@ssv-meschede.de<\/a><\/strong><\/p>\n\n\n\n<hr class=\"wp-block-separator has-alpha-channel-opacity\"\/>\n\n\n\n<p><strong><a href=\"mailto:badminton@ssv-meschede.de\"><\/a><a href=\"https:\/\/www.ssv-meschede.de\/images\/M_images\/SSV\/Notizzettel_Basketball.jpg\"><\/a>Basketball<\/strong><\/p>\n\n\n\n<p>Basketball ist eine der beliebtesten Sportarten der Welt. Es handelt sich um einen schnellen und dynamischen Sport, f\u00fcr welchen man auf gar keinen Fall 2 Meter lang sein muss.&nbsp;Vereinfacht gesagt geht es darum, so oft wie m\u00f6glich mit dem Ball in den Korb zu treffen, gleichzeitig den Gegner fair daran zu hindern.<br><img loading=\"lazy\" decoding=\"async\" src=\"https:\/\/www.ssv-meschede.de\/images\/M_images\/Basketball\/sport_1-ffff8f3d.jpg\" alt=\"sport 1 ffff8f3d\" width=\"115\" height=\"100\">Auch Einsteiger erreichen schon schnell kleine Erfolge, die anspornen, da Spielen in der Mannschaft ein wichtiger Faktor f\u00fcr den Triumph ist.<br>Ansprechpartner und&nbsp;Abteilungsleiter<br><strong>Mauro Viegas | Mobil 0170 777 6734 | eMail <a href=\"mailto:basketball@ssv-meschede.de\">basketball@ssv-meschede.de<\/a><\/strong><\/p>\n\n\n\n<hr class=\"wp-block-separator has-alpha-channel-opacity\"\/>\n\n\n\n<p><strong>&nbsp;<a href=\"https:\/\/www.ssv-meschede.de\/images\/M_images\/SSV\/Notizzettel_Fussball.png\"><\/a>Fu\u00dfball<\/strong><\/p>\n\n\n\n<p>In der Fu\u00dfballabteilung gibt es f\u00fcr (fast) jede Altersgruppe ein Angebot.<br>Angefangen von den &#8222;Bambinis&#8220; bis zur sogenannten A-Jugend der unter 18j\u00e4hrigen.<br>Bei den Allerkleinsten musst du nat\u00fcrlich noch keine besonderen Fu\u00dfballk\u00fcnste mitbringen. Wichtig ist der Spa\u00df an der Bewegung im Allgemeinen und dem Fu\u00dfballspiel im Besonderen.<br><a href=\"https:\/\/www.ssv-meschede.de\/index.php\/fussball\/jugend2017-2018\" target=\"_blank\" rel=\"noreferrer noopener\">[Hier]<\/a> findest du alle Alterseinteilungen, Trainingszeiten, Trainer und deren Kontaktdaten.<br>Der schnellste Weg, um dich zu informieren, f\u00fchrt aber \u00fcber den<br>Ansprechpartner<br><strong>Rene de Oliveira | eMail rene.deoliveira@ssv-meschede.de<a href=\"mailto:heinz.bruning@ssv-meschede.de\" target=\"_blank\" rel=\"noreferrer noopener\"><\/a><a href=\"mailto:h.m.bruning@t-online.de\"><\/a><\/strong><\/p>\n\n\n\n<hr class=\"wp-block-separator has-alpha-channel-opacity\"\/>\n\n\n\n<p><strong><a href=\"https:\/\/www.ssv-meschede.de\/images\/M_images\/SSV\/Notizzettel_Handball.png\"><\/a>Handball<\/strong><\/p>\n\n\n\n<p>Die J\u00fcngsten in der Handballabteilung sind die &#8222;Mini`s&#8220;. Sie werden von ehemaligen bzw. aktiven Handballern trainiert, die teilweise selber Kinder in dem Alter haben.<br>Hier soll den Kindern (4-6 Jahren) die M\u00f6glichkeit geboten werden, sich aktiv zu bewegen und zu entwickeln. Ziel dieser Trainingsstunde ist es, den Kindern spielerisch den Spa\u00df am Sport und der Bewegung nahe zu bringen. Neben einer breiten sportlichen Grundausbildung und der allgemeinen Ballschule, sammeln die Kinder ihre ersten handballerischen Erfahrungen. Trotzdem steht immer der Spa\u00df im Vordergrund.<br><img loading=\"lazy\" decoding=\"async\" src=\"https:\/\/www.ssv-meschede.de\/images\/M_images\/Handball\/handballer-im-sprung.jpg\" alt=\"handballer im sprung\" width=\"99\" height=\"100\">Die Handballer bieten dar\u00fcberhinaus Teams in (fast) jeder Altersklasse bis hin zu den 18j\u00e4hrigen.<br>Informationen zu allen Teams, Trainingszeiten und Ansprechpartner findest du <a href=\"http:\/\/www.handball-meschede.de\/\" target=\"_blank\" rel=\"noreferrer noopener\">[hier]<\/a>.<br>Ansprechpartner f\u00fcr alle Kinder- und Jugendteams<br><strong>Klaus Wahle | Tel. 0291 2004876 | Mobil 0179 1150011<br>eMail&nbsp;<a href=\"mailto:klaus.wahle@handball-meschede.de\" target=\"_blank\" rel=\"noreferrer noopener\">klaus.wahle@handball-meschede.de<\/a><\/strong><\/p>\n\n\n\n<hr class=\"wp-block-separator has-alpha-channel-opacity\"\/>\n\n\n\n<p>&nbsp;<img loading=\"lazy\" decoding=\"async\" src=\"https:\/\/www.ssv-meschede.de\/images\/M_images\/Insider\/Logos_Grafiken\/Abteilg_Piktogramme\/Judo.gif\" alt=\"Judo\" width=\"56\" height=\"40\"><strong><a href=\"https:\/\/www.ssv-meschede.de\/images\/M_images\/SSV\/Notizzettel_Judo.png\"><\/a>Judo<\/strong><\/p>\n\n\n\n<p>Die \u00dcbersetzung aus dem Japanischen bedeutet so viel wie \u201eder sanfte Weg\u201c, bei dem nicht der Sieg um jeden Preis das Ziel ist, sondern zu siegen ohne den Partner zu verletzen. Es gewinnt nicht der k\u00f6rperlich st\u00e4rkere, sondern der, der seine eigene Kraft am besten einzusetzen und die des Gegners am geschicktesten auszunutzen versteht. Wichtig dabei ist das Streben nach Harmonie und Selbstbeherrschung.<br>Beim Judo werden W\u00fcrfe, Haltegriffe und Hebeltechniken ge\u00fcbt. Auch die Fallschule ist ein wichtiger Bestandteil des Judo-Trainings, um mit dem eigenen K\u00f6rper den Aufprall auf den Boden kontrollieren zu k\u00f6nnen.<br><img loading=\"lazy\" decoding=\"async\" src=\"https:\/\/www.ssv-meschede.de\/images\/M_images\/Judo\/Judo_Hoeflichkeit.gif\" alt=\"Judo Hoeflichkeit\" width=\"151\" height=\"100\">Bei den W\u00fcrfen unterscheidet man zwischen reinen Angriffstechniken und Kontertechniken, bei denen der Angriff des Gegners geschickt weitergef\u00fchrt wird.<br>Beim Judo kann jeder sein K\u00f6nnen steigern und durch G\u00fcrtelpr\u00fcfungen erfolgreich beweisen.<br>Neben allen k\u00f6rperlichen Bereichen sollen auch geistige Elemente wie Selbstdisziplin, Achtung vor dem Gegner, Bescheidenheit und Selbstbewusstsein erlernt werden.<br>Trainingszeiten:<br>Kinder bis 10 J.: dienstags, 16:00 &#8211; 17:30 Uhr | Multifunktionsraum am Schwimmbad<br>Kids 10+: montags, 16:00 &#8211; 18:00 Uhr | Multifunktionsraum am Schwimmbad<br>Ansprechpartner und&nbsp;Abteilungsleiter<br><strong>Stefan Drinhaus | Mobil 0162 9274968 | eMail&nbsp;<a href=\"mailto:judo@ssv-meschede.de\" target=\"_blank\" rel=\"noreferrer noopener\">judo@ssv-meschede.de<\/a><\/strong><\/p>\n\n\n\n<hr class=\"wp-block-separator has-alpha-channel-opacity\"\/>\n\n\n\n<p>&nbsp;<s><\/s><strong>Sport f\u00fcr 6-10<\/strong><\/p>\n\n\n\n<p>F\u00fcr Kinder zwischen 6 und 10 Jahren bietet die versierte \u00dcbungsleiterin abwechselungsreiche Sportnachmittage &#8211; entweder in der Sporthalle oder auf dem Sportplatz, gelegentlich auch an ganz anderen Orten.<br><img loading=\"lazy\" decoding=\"async\" src=\"https:\/\/www.ssv-meschede.de\/images\/M_images\/Leichtathletik\/verspringen_20.gif\" alt=\"verspringen 20\" width=\"156\" height=\"100\">Trainingszeiten:<br>donnerstags, 16:00-17:30 Uhr<br>AnsprechpartnerIn<br><strong>Cristina Schmidt | Mobil 01511 7909724 | eMail martin.kettler@ssv-meschede.de<\/strong><\/p>\n\n\n\n<hr class=\"wp-block-separator has-alpha-channel-opacity\"\/>\n\n\n\n<p><strong><a href=\"https:\/\/www.ssv-meschede.de\/images\/M_images\/SSV\/Notizzettel_Schwimmen.png\"><\/a>Schwimmen<\/strong><\/p>\n\n\n\n<p>In der Schwimmabteilung k\u00f6nnt ihr alle vier Schwimmstile wie Brust, R\u00fccken, Freistil und Schmetterling erlernen.<br>Das Angebot gilt f\u00fcr alle Kinder ab ca. 6 Jahren (Seepferdchen) und Jugendliche.16:00-17:430<br>Neben dem Sport ist der Abteilung das soziale Miteinander wichtig.<br>Bei Kartoffelbraten, Maiwanderung u.\u00e4. sind alle Familienmitglieder herzlich willkommen.<br>Ein H\u00f6hepunkt ist die j\u00e4hrliche Ferienfreizeit.<br>Trainingszeiten: montags 15:00-16:00 Uhr, montags 16:00-17:30 Uhr<br><img loading=\"lazy\" decoding=\"async\" src=\"https:\/\/www.ssv-meschede.de\/images\/M_images\/Schwimmen\/Schwimmen.jpg\" alt=\"Schwimmen\" width=\"122\" height=\"67\">Um das Schwimmen \u00fcberhaupt erstmal zu lernen werden Kurse angeboten:<br>Wassergew\u00f6hnung f\u00fcr Kinder ab 4 Jahre<br>Schwimmkurse<br>Ansprechpartnerin<br><strong>Verena Haselhoff | Tel. 0291\/52661 | eMail&nbsp;<a href=\"mailto:leitung.schwimmen.meschede@gmx.de\">leitung.schwimmen.meschede@gmx.de<\/a><a href=\"mailto:schwimmen@ssv-meschede.de\"><\/a><\/strong><\/p>\n\n\n\n<hr class=\"wp-block-separator has-alpha-channel-opacity\"\/>\n\n\n\n<p><strong>&nbsp;<a href=\"https:\/\/www.ssv-meschede.de\/images\/M_images\/SSV\/Notizzettel_Tischtennis.png\"><\/a>Tischtennis<\/strong><\/p>\n\n\n\n<p>Beim Tischtennis-Sport wird ein Zelluloid- oder Plastikball (\u00d8 4 cm)&nbsp;mit einem Tischtennisschl\u00e4ger auf einen 2-geteilten Tischtennis-Tisch&nbsp;von 2 oder 4 Spielern nach Spielregeln so lange hin und her gespielt,&nbsp;bis ein Spieler einen Fehler macht.<br>Training f\u00fcr Sch\u00fcler ist immer dienstags von 18:30-20:00 und mittwochs von 17:30-20:00.<br><img loading=\"lazy\" decoding=\"async\" src=\"https:\/\/www.ssv-meschede.de\/images\/M_images\/Tischtennis\/rundlauf.gif\" alt=\"rundlauf\" width=\"116\" height=\"100\">Abteilungsleiter<br><strong>Dieter Schubert,&nbsp;Tel.: 0160 93600778<br>eMail <a href=\"mailto:tischtennis@ssv-meschede.de\">tischtennis@ssv-meschede.d<\/a>e<\/strong><\/p>\n\n\n\n<hr class=\"wp-block-separator has-alpha-channel-opacity\"\/>\n\n\n\n<p><strong>&nbsp;<a href=\"https:\/\/www.ssv-meschede.de\/images\/M_images\/SSV\/Turnen_Notizzettel.png\"><\/a>Turnen<\/strong><\/p>\n\n\n\n<p>Die Abteilung Turnen ist sehr gro\u00df und vielseitig. \u00dcber 50 Kinder bewegen sich jede Woche in der Turnhalle.&nbsp;<br>F\u00fcr Kinder gibt es folgende Angebote:<\/p>\n\n\n\n<p>Eltern-Kind-Turnen (f\u00fcr Kinder von 10 Mon. &#8211; 3 Jahre &#8211; ansonsten nach R\u00fccksprache)<br>Gr. 1 dienstags, 15:45-17:00 | Sporthalle Rautenschemm<br>Gr. 2 mittwochs, 15:45-17:00 | Sporthalle Rautenschemm<\/p>\n\n\n\n<p><img loading=\"lazy\" decoding=\"async\" src=\"https:\/\/www.ssv-meschede.de\/images\/M_images\/Turnen\/Turnen.jpg\" alt=\"Turnen\" width=\"150\" height=\"81\">Hobby Horsing, dienstags, 16:00-17:00 | Sporthalle Rautenschemm<br><br><ins>Abteilungsleitung<\/ins><br><strong>Stefanie Pro\u00df<\/strong><strong> und&nbsp;Friederike Soukri | eMail <a href=\"https:\/\/www.ssv-meschede.de\/turnen@ssv-meschede\" target=\"_blank\" rel=\"noreferrer noopener\">turnen@ssv-meschede<\/a><\/strong><\/p>\n\n\n\n<hr class=\"wp-block-separator has-alpha-channel-opacity\"\/>\n\n\n\n<p><strong>&nbsp;<a href=\"https:\/\/www.ssv-meschede.de\/images\/M_images\/SSV\/Notizzettel_Volleyball.png\"><\/a>Volleyball<\/strong><\/p>\n\n\n\n<p>Volleyball ist eine Mannschaftssportart, bei der sich zwei Mannschaften mit jeweils sechs SpielerInnen auf einem durch ein Netz geteilten Spielfeld gegen\u00fcberstehen. Ziel des Spiels ist es, den Volleyball \u00fcber das Netz auf den Boden der gegnerischen Spielfeldh\u00e4lfte zu spielen und zu verhindern, dass Gleiches dem Gegner gelingt, bzw. die gegnerische Mannschaft zu einem Fehlversuch zu zwingen. <img loading=\"lazy\" decoding=\"async\" src=\"https:\/\/www.ssv-meschede.de\/images\/M_images\/Volleyball\/2019\/Volleyball.jpg\" alt=\"Volleyball\" width=\"78\" height=\"100\">Eine Mannschaft darf den Ball, dreimal in Folge ber\u00fchren, um ihn zur\u00fcckzuspielen. \u00dcblicherweise wird der Ball mit den H\u00e4nden oder den Armen gespielt.<br>Trainingszeiten sind zu erfragen bei<br>Abteilungsleitung<strong><br>Marlen Reinelt | Mobil&nbsp;0160 99601784 | eMail&nbsp;<a href=\"mailto:karinschuermann@gmx.de\" target=\"_blank\" rel=\"noreferrer noopener\">v<\/a>olleyball@ssv-meschede.de<\/strong><\/p>\n","protected":false},"excerpt":{"rendered":"<p>Spiel und&nbsp;Sport&nbsp;Vf\u00fcr Kids Hi! Hier informieren wir dich \u00fcber alle Angebote, die der SSV Meschede f\u00fcr Kinder und Jugendliche bereith\u00e4lt.Der Verein hat ungef\u00e4hr 1.750 Mitglieder und ist in 11 Abteilungen gegliedert.Folgende Abteilungen bieten Sport f\u00fcr Kinder und Jugendliche an: Badminton Im Gegensatz zum \u201eStra\u00dfenfederball\u201c geht es beim Badminton darum, sich im Spiel wichtige Punkte zu<\/p>\n<p class=\"more-link\"><a href=\"https:\/\/basketball-meschede.de\/?page_id=515\" class=\"themebutton2\">Read More<\/a><\/p>\n","protected":false},"author":1,"featured_media":0,"parent":0,"menu_order":0,"comment_status":"closed","ping_status":"closed","template":"","meta":{"footnotes":""},"categories":[],"tags":[],"class_list":["post-515","page","type-page","status-publish","hentry"],"_links":{"self":[{"href":"https:\/\/basketball-meschede.de\/index.php?rest_route=\/wp\/v2\/pages\/515","targetHints":{"allow":["GET"]}}],"collection":[{"href":"https:\/\/basketball-meschede.de\/index.php?rest_route=\/wp\/v2\/pages"}],"about":[{"href":"https:\/\/basketball-meschede.de\/index.php?rest_route=\/wp\/v2\/types\/page"}],"author":[{"embeddable":true,"href":"https:\/\/basketball-meschede.de\/index.php?rest_route=\/wp\/v2\/users\/1"}],"replies":[{"embeddable":true,"href":"https:\/\/basketball-meschede.de\/index.php?rest_route=%2Fwp%2Fv2%2Fcomments&post=515"}],"version-history":[{"count":2,"href":"https:\/\/basketball-meschede.de\/index.php?rest_route=\/wp\/v2\/pages\/515\/revisions"}],"predecessor-version":[{"id":524,"href":"https:\/\/basketball-meschede.de\/index.php?rest_route=\/wp\/v2\/pages\/515\/revisions\/524"}],"wp:attachment":[{"href":"https:\/\/basketball-meschede.de\/index.php?rest_route=%2Fwp%2Fv2%2Fmedia&parent=515"}],"wp:term":[{"taxonomy":"category","embeddable":true,"href":"https:\/\/basketball-meschede.de\/index.php?rest_route=%2Fwp%2Fv2%2Fcategories&post=515"},{"taxonomy":"post_tag","embeddable":true,"href":"https:\/\/basketball-meschede.de\/index.php?rest_route=%2Fwp%2Fv2%2Ftags&post=515"}],"curies":[{"name":"wp","href":"https:\/\/api.w.org\/{rel}","templated":true}]}}