{"id":404,"date":"2026-03-10T20:38:38","date_gmt":"2026-03-10T20:38:38","guid":{"rendered":"https:\/\/basketball-meschede.de\/?page_id=404"},"modified":"2026-03-17T17:51:42","modified_gmt":"2026-03-17T17:51:42","slug":"vereinsheim","status":"publish","type":"page","link":"https:\/\/basketball-meschede.de\/?page_id=404","title":{"rendered":"Vereinsheim"},"content":{"rendered":"\n<figure class=\"wp-block-image size-full\"><img loading=\"lazy\" decoding=\"async\" width=\"142\" height=\"32\" src=\"https:\/\/basketball-meschede.de\/wp-content\/uploads\/SSV\/Vereinsheim\/Vereinsheim-SSV_Logo_50mm.jpg\" alt=\"\" class=\"wp-image-495\"\/><\/figure>\n\n\n\n<p>Das Vereinsheim des SSV Meschede steht auch f\u00fcr private Feiern und andere Veranstaltungen zur Verf\u00fcgung. Informationen \u00fcber freie Termine und Mietbedingungen gibt&#8217;s bei<br><strong>Steffi Kettler, Mobil 0178 5746640 | Mail stefanie.kettler@gmx.de<\/strong> <img loading=\"lazy\" decoding=\"async\" width=\"60\" height=\"71\" src=\"https:\/\/ssv-meschede.de\/images\/M_images\/Fussball\/2018\/Steffi_2017.png\" alt=\"Steffi 2017\"><\/p>\n\n\n\n<figure class=\"wp-block-gallery has-nested-images columns-default is-cropped wp-block-gallery-1 is-layout-flex wp-block-gallery-is-layout-flex\">\n<figure class=\"wp-block-image size-large\"><img loading=\"lazy\" decoding=\"async\" width=\"466\" height=\"258\" data-id=\"496\" src=\"https:\/\/basketball-meschede.de\/wp-content\/uploads\/SSV\/Vereinsheim\/Vereinsheim1.jpg\" alt=\"\" class=\"wp-image-496\" srcset=\"https:\/\/basketball-meschede.de\/wp-content\/uploads\/SSV\/Vereinsheim\/Vereinsheim1.jpg 466w, https:\/\/basketball-meschede.de\/wp-content\/uploads\/SSV\/Vereinsheim\/Vereinsheim1-300x166.jpg 300w\" sizes=\"auto, (max-width: 466px) 100vw, 466px\" \/><\/figure>\n\n\n\n<figure class=\"wp-block-image size-large\"><img loading=\"lazy\" decoding=\"async\" width=\"463\" height=\"309\" data-id=\"498\" src=\"https:\/\/basketball-meschede.de\/wp-content\/uploads\/SSV\/Vereinsheim\/Vereinsheim2.jpg\" alt=\"\" class=\"wp-image-498\" srcset=\"https:\/\/basketball-meschede.de\/wp-content\/uploads\/SSV\/Vereinsheim\/Vereinsheim2.jpg 463w, https:\/\/basketball-meschede.de\/wp-content\/uploads\/SSV\/Vereinsheim\/Vereinsheim2-300x200.jpg 300w, https:\/\/basketball-meschede.de\/wp-content\/uploads\/SSV\/Vereinsheim\/Vereinsheim2-380x254.jpg 380w, https:\/\/basketball-meschede.de\/wp-content\/uploads\/SSV\/Vereinsheim\/Vereinsheim2-285x190.jpg 285w\" sizes=\"auto, (max-width: 463px) 100vw, 463px\" \/><\/figure>\n\n\n\n<figure class=\"wp-block-image size-large\"><img loading=\"lazy\" decoding=\"async\" width=\"1024\" height=\"768\" data-id=\"499\" src=\"https:\/\/basketball-meschede.de\/wp-content\/uploads\/SSV\/Vereinsheim\/Vereinsheim5-1024x768.jpg\" alt=\"\" class=\"wp-image-499\" srcset=\"https:\/\/basketball-meschede.de\/wp-content\/uploads\/SSV\/Vereinsheim\/Vereinsheim5-1024x768.jpg 1024w, https:\/\/basketball-meschede.de\/wp-content\/uploads\/SSV\/Vereinsheim\/Vereinsheim5-300x225.jpg 300w, https:\/\/basketball-meschede.de\/wp-content\/uploads\/SSV\/Vereinsheim\/Vereinsheim5-768x576.jpg 768w, https:\/\/basketball-meschede.de\/wp-content\/uploads\/SSV\/Vereinsheim\/Vereinsheim5-1536x1152.jpg 1536w, https:\/\/basketball-meschede.de\/wp-content\/uploads\/SSV\/Vereinsheim\/Vereinsheim5-380x285.jpg 380w, https:\/\/basketball-meschede.de\/wp-content\/uploads\/SSV\/Vereinsheim\/Vereinsheim5-285x214.jpg 285w, https:\/\/basketball-meschede.de\/wp-content\/uploads\/SSV\/Vereinsheim\/Vereinsheim5.jpg 1620w\" sizes=\"auto, (max-width: 1024px) 100vw, 1024px\" \/><\/figure>\n\n\n\n<figure class=\"wp-block-image size-large\"><img loading=\"lazy\" decoding=\"async\" width=\"1024\" height=\"768\" data-id=\"501\" src=\"https:\/\/basketball-meschede.de\/wp-content\/uploads\/SSV\/Vereinsheim\/Vereinsheim6-1024x768.jpg\" alt=\"\" class=\"wp-image-501\" srcset=\"https:\/\/basketball-meschede.de\/wp-content\/uploads\/SSV\/Vereinsheim\/Vereinsheim6-1024x768.jpg 1024w, https:\/\/basketball-meschede.de\/wp-content\/uploads\/SSV\/Vereinsheim\/Vereinsheim6-300x225.jpg 300w, https:\/\/basketball-meschede.de\/wp-content\/uploads\/SSV\/Vereinsheim\/Vereinsheim6-768x576.jpg 768w, https:\/\/basketball-meschede.de\/wp-content\/uploads\/SSV\/Vereinsheim\/Vereinsheim6-1536x1152.jpg 1536w, https:\/\/basketball-meschede.de\/wp-content\/uploads\/SSV\/Vereinsheim\/Vereinsheim6-380x285.jpg 380w, https:\/\/basketball-meschede.de\/wp-content\/uploads\/SSV\/Vereinsheim\/Vereinsheim6-285x214.jpg 285w, https:\/\/basketball-meschede.de\/wp-content\/uploads\/SSV\/Vereinsheim\/Vereinsheim6.jpg 1620w\" sizes=\"auto, (max-width: 1024px) 100vw, 1024px\" \/><\/figure>\n\n\n\n<figure class=\"wp-block-image size-large\"><img loading=\"lazy\" decoding=\"async\" width=\"1024\" height=\"768\" data-id=\"500\" src=\"https:\/\/basketball-meschede.de\/wp-content\/uploads\/SSV\/Vereinsheim\/Vereinsheim7-1024x768.jpg\" alt=\"\" class=\"wp-image-500\" srcset=\"https:\/\/basketball-meschede.de\/wp-content\/uploads\/SSV\/Vereinsheim\/Vereinsheim7-1024x768.jpg 1024w, https:\/\/basketball-meschede.de\/wp-content\/uploads\/SSV\/Vereinsheim\/Vereinsheim7-300x225.jpg 300w, https:\/\/basketball-meschede.de\/wp-content\/uploads\/SSV\/Vereinsheim\/Vereinsheim7-768x576.jpg 768w, https:\/\/basketball-meschede.de\/wp-content\/uploads\/SSV\/Vereinsheim\/Vereinsheim7-1536x1152.jpg 1536w, https:\/\/basketball-meschede.de\/wp-content\/uploads\/SSV\/Vereinsheim\/Vereinsheim7-380x285.jpg 380w, https:\/\/basketball-meschede.de\/wp-content\/uploads\/SSV\/Vereinsheim\/Vereinsheim7-285x214.jpg 285w, https:\/\/basketball-meschede.de\/wp-content\/uploads\/SSV\/Vereinsheim\/Vereinsheim7.jpg 1620w\" sizes=\"auto, (max-width: 1024px) 100vw, 1024px\" \/><\/figure>\n\n\n\n<figure class=\"wp-block-image size-large\"><img loading=\"lazy\" decoding=\"async\" width=\"476\" height=\"161\" data-id=\"497\" src=\"https:\/\/basketball-meschede.de\/wp-content\/uploads\/SSV\/Vereinsheim\/Vereinsheim20.jpg\" alt=\"\" class=\"wp-image-497\" srcset=\"https:\/\/basketball-meschede.de\/wp-content\/uploads\/SSV\/Vereinsheim\/Vereinsheim20.jpg 476w, https:\/\/basketball-meschede.de\/wp-content\/uploads\/SSV\/Vereinsheim\/Vereinsheim20-300x101.jpg 300w\" sizes=\"auto, (max-width: 476px) 100vw, 476px\" \/><\/figure>\n<\/figure>\n","protected":false},"excerpt":{"rendered":"<p>Das Vereinsheim des SSV Meschede steht auch f\u00fcr private Feiern und andere Veranstaltungen zur Verf\u00fcgung. Informationen \u00fcber freie Termine und Mietbedingungen gibt&#8217;s beiSteffi Kettler, Mobil 0178 5746640 | Mail stefanie.kettler@gmx.de<\/p>\n","protected":false},"author":1,"featured_media":0,"parent":0,"menu_order":0,"comment_status":"closed","ping_status":"closed","template":"","meta":{"footnotes":""},"categories":[],"tags":[],"class_list":["post-404","page","type-page","status-publish","hentry"],"_links":{"self":[{"href":"https:\/\/basketball-meschede.de\/index.php?rest_route=\/wp\/v2\/pages\/404","targetHints":{"allow":["GET"]}}],"collection":[{"href":"https:\/\/basketball-meschede.de\/index.php?rest_route=\/wp\/v2\/pages"}],"about":[{"href":"https:\/\/basketball-meschede.de\/index.php?rest_route=\/wp\/v2\/types\/page"}],"author":[{"embeddable":true,"href":"https:\/\/basketball-meschede.de\/index.php?rest_route=\/wp\/v2\/users\/1"}],"replies":[{"embeddable":true,"href":"https:\/\/basketball-meschede.de\/index.php?rest_route=%2Fwp%2Fv2%2Fcomments&post=404"}],"version-history":[{"count":3,"href":"https:\/\/basketball-meschede.de\/index.php?rest_route=\/wp\/v2\/pages\/404\/revisions"}],"predecessor-version":[{"id":503,"href":"https:\/\/basketball-meschede.de\/index.php?rest_route=\/wp\/v2\/pages\/404\/revisions\/503"}],"wp:attachment":[{"href":"https:\/\/basketball-meschede.de\/index.php?rest_route=%2Fwp%2Fv2%2Fmedia&parent=404"}],"wp:term":[{"taxonomy":"category","embeddable":true,"href":"https:\/\/basketball-meschede.de\/index.php?rest_route=%2Fwp%2Fv2%2Fcategories&post=404"},{"taxonomy":"post_tag","embeddable":true,"href":"https:\/\/basketball-meschede.de\/index.php?rest_route=%2Fwp%2Fv2%2Ftags&post=404"}],"curies":[{"name":"wp","href":"https:\/\/api.w.org\/{rel}","templated":true}]}}