{"id":400,"date":"2026-03-10T20:37:56","date_gmt":"2026-03-10T20:37:56","guid":{"rendered":"https:\/\/basketball-meschede.de\/?page_id=400"},"modified":"2026-03-17T18:02:14","modified_gmt":"2026-03-17T18:02:14","slug":"satzung","status":"publish","type":"page","link":"https:\/\/basketball-meschede.de\/?page_id=400","title":{"rendered":"Satzung"},"content":{"rendered":"\n<p>Die bei der Mitgliederversammlung am 04.11.2021 beschlossenen \u00c4nderungen wurde zur Eintragung im Vereinsregister unter VR50617 angemeldet.<\/p>\n\n\n\n<hr class=\"wp-block-separator has-alpha-channel-opacity\"\/>\n\n\n\n<p>Die bei der Generalversammlung vom 06.09.2012 beschlossene Satzung wurde zum 29.11.2012 im Vereinsregister unter VR50617 ohne \u00c4nderungen eingetragen und ist somit rechtskr\u00e4ftig.<\/p>\n\n\n\n<hr class=\"wp-block-separator has-alpha-channel-opacity\"\/>\n\n\n\n<h3 class=\"wp-block-heading\">Entwicklung der aktuellen Satzung<\/h3>\n\n\n\n<p>Ende 2011\/Anfang 2012 wurde insbesondere auf Grund neuer Vorstellungen in der Mitbestimmung und bestehendem \u00dcberarbeitungsbedarf hinsichtlich rechtlich relevanter Formulierungen von den Abteilungsleitern und einigen weiteren engagierten Mitgliedern in enger Zusammenarbeit mit dem Vereinsvorstand und dem Justitiar des <a href=\"http:\/\/www.flvw.de\/\" target=\"_blank\" rel=\"noreferrer noopener\">Fu\u00dfball- und Leichtathletik-Verbandes Westfalen e.V.<\/a> &#8211; FLVW und VIBSS Referent des LSB NRW Herrn Dieter Ostertag eine neue Satzung erarbeitet. Diese ist angelehnt an die <a href=\"http:\/\/www.vibss.de\/recht\/muster-und-formulare\/\" target=\"_blank\" rel=\"noreferrer noopener\">Mustersatzung<\/a> des LSB NRW. Insofern handelt es sich bei der neuen Satzung um keine \u00dcberarbeitung der alten Satzung, sondern um eine v\u00f6llig neue Fassung.<\/p>\n\n\n\n<p>Nachfolgend sind einige der <strong>wesentlichsten \u00c4nderungen<\/strong> aufgelistet, die Aufstellung ist keinesfalls vollst\u00e4ndig!<\/p>\n\n\n\n<ul class=\"wp-block-list\">\n<li>Die Abteilungsleiter (bzw. deren st\u00e4ndige Vertreter) geh\u00f6ren nun zum Gesamtvorstand (\u00a712). Der Gesamtvorstand ber\u00e4t und beschlie\u00dft alle sportlichen und gesellschaftlichen<br>Aktivit\u00e4ten des Vereins, die nicht in die Verantwortung des gesch\u00e4ftsf\u00fchrenden Vorstandes oder einer Abteilung fallen &#8211; u. a. den Haushaltsplan und die Budgetverteilung an die Abteilungen.<\/li>\n\n\n\n<li>Korrekturen von Formulierungen zur Gemeinn\u00fctzungkeit und anderer rechtlich relevanter Themen wie z. B. Datenschutz (\u00a721) und Haftung (\u00a720).<\/li>\n\n\n\n<li>Klarstellung der von den Mitgliedern zu zahlenden Beitr\u00e4ge, Geb\u00fchren und Umlagen (\u00a76) &#8211; nein, keine versteckte Beitragserh\u00f6hung, Beitr\u00e4ge werden nicht in der Satzung festgelegt!<\/li>\n\n\n\n<li>Regelungen zum Beginn und Ende der Vereinsmitgliedschaft &#8211; Ablehnung von Mitgliedsantr\u00e4gen \/ Ausschlussverfahren (\u00a74).<\/li>\n\n\n\n<li>Regelungen zur Verg\u00fctung der Organmitglieder, Aufwendungsersatz und bezahlter Mitarbeit (\u00a714).<\/li>\n\n\n\n<li>Die Generalversammlung hei\u00dft nun treffender Mitgliederversammlung.<\/li>\n\n\n\n<li>Neue Fristen f\u00fcr die Einladung und f\u00fcr Antr\u00e4ge zur Mitgliederversammlung (\u00a79).<\/li>\n<\/ul>\n\n\n\n<hr class=\"wp-block-separator has-alpha-channel-opacity\"\/>\n\n\n\n<p><em>Siehe hierzu auch das <\/em><strong><a href=\"http:\/\/www.derwesten.de\/wp\/staedte\/nachrichten-aus-meschede-eslohe-bestwig-und-schmallenberg\/hauptamtlicher-geschaeftsfuehrer-ist-im-sportverein-kein-tabu-mehr-id6991065.html\" target=\"_blank\" rel=\"noreferrer noopener\"><em>Zeitungsinterview<\/em><\/a><\/strong><em> zur Satzungs\u00e4nderung mit dem Vorstand des SSV (WP\/WR vom 17.08.2012).<\/em><\/p>\n\n\n\n<hr class=\"wp-block-separator has-alpha-channel-opacity\"\/>\n\n\n\n<p>Die <strong>alte Satzung<\/strong> des SSV Meschede &#8211; <strong>bis 28.11.2012<\/strong> &#8211; in der Version vom 14.09.2004 findet sich hier als <a href=\"https:\/\/ssv-meschede.de\/images\/gruppen\/Hauptverein\/faltblatt_satzung_ssv_meschede_vom_14.09.2004.pdf\" target=\"_blank\" rel=\"noreferrer noopener\"><strong>Faltblatt<\/strong><\/a>.<\/p>\n","protected":false},"excerpt":{"rendered":"<p>Die bei der Mitgliederversammlung am 04.11.2021 beschlossenen \u00c4nderungen wurde zur Eintragung im Vereinsregister unter VR50617 angemeldet. Die bei der Generalversammlung vom 06.09.2012 beschlossene Satzung wurde zum 29.11.2012 im Vereinsregister unter VR50617 ohne \u00c4nderungen eingetragen und ist somit rechtskr\u00e4ftig. Entwicklung der aktuellen Satzung Ende 2011\/Anfang 2012 wurde insbesondere auf Grund neuer Vorstellungen in der Mitbestimmung und<\/p>\n<p class=\"more-link\"><a href=\"https:\/\/basketball-meschede.de\/?page_id=400\" class=\"themebutton2\">Read More<\/a><\/p>\n","protected":false},"author":1,"featured_media":0,"parent":0,"menu_order":0,"comment_status":"closed","ping_status":"closed","template":"","meta":{"footnotes":""},"categories":[],"tags":[],"class_list":["post-400","page","type-page","status-publish","hentry"],"_links":{"self":[{"href":"https:\/\/basketball-meschede.de\/index.php?rest_route=\/wp\/v2\/pages\/400","targetHints":{"allow":["GET"]}}],"collection":[{"href":"https:\/\/basketball-meschede.de\/index.php?rest_route=\/wp\/v2\/pages"}],"about":[{"href":"https:\/\/basketball-meschede.de\/index.php?rest_route=\/wp\/v2\/types\/page"}],"author":[{"embeddable":true,"href":"https:\/\/basketball-meschede.de\/index.php?rest_route=\/wp\/v2\/users\/1"}],"replies":[{"embeddable":true,"href":"https:\/\/basketball-meschede.de\/index.php?rest_route=%2Fwp%2Fv2%2Fcomments&post=400"}],"version-history":[{"count":2,"href":"https:\/\/basketball-meschede.de\/index.php?rest_route=\/wp\/v2\/pages\/400\/revisions"}],"predecessor-version":[{"id":512,"href":"https:\/\/basketball-meschede.de\/index.php?rest_route=\/wp\/v2\/pages\/400\/revisions\/512"}],"wp:attachment":[{"href":"https:\/\/basketball-meschede.de\/index.php?rest_route=%2Fwp%2Fv2%2Fmedia&parent=400"}],"wp:term":[{"taxonomy":"category","embeddable":true,"href":"https:\/\/basketball-meschede.de\/index.php?rest_route=%2Fwp%2Fv2%2Fcategories&post=400"},{"taxonomy":"post_tag","embeddable":true,"href":"https:\/\/basketball-meschede.de\/index.php?rest_route=%2Fwp%2Fv2%2Ftags&post=400"}],"curies":[{"name":"wp","href":"https:\/\/api.w.org\/{rel}","templated":true}]}}