{"id":398,"date":"2026-03-10T20:37:20","date_gmt":"2026-03-10T20:37:20","guid":{"rendered":"https:\/\/basketball-meschede.de\/?page_id=398"},"modified":"2026-03-17T17:57:10","modified_gmt":"2026-03-17T17:57:10","slug":"schutzkonzept","status":"publish","type":"page","link":"https:\/\/basketball-meschede.de\/?page_id=398","title":{"rendered":"Schutzkonzept"},"content":{"rendered":"<div class=\"wp-block-image\">\n<figure class=\"alignright size-full\"><img loading=\"lazy\" decoding=\"async\" width=\"249\" height=\"294\" src=\"https:\/\/basketball-meschede.de\/wp-content\/uploads\/2026\/03\/Schutzkonzept-1.gif\" alt=\"\" class=\"wp-image-506\"\/><\/figure>\n<\/div>\n\n\n<h3 class=\"wp-block-heading\"><strong>Schutzkonzept<\/strong> <strong>gegen interpersonelle und sexualisierte Gewalt<\/strong><\/h3>\n\n\n\n<p>Das Landeskinderschutzgesetz (2022) fordert die Entwicklung, Anwendung und \u00dcberpr\u00fcfung von Schutzkonzepten bei allen Tr\u00e4gern von Angeboten nach dem Kinder- und Jugendf\u00f6rderungsgesetz NRW.<\/p>\n\n\n\n<p>Der SSV MESCHEDE beschreibt in der Satzung seinen Zweck durch die Formulierung \u201eF\u00f6rderung des Sports, der Jugendhilfe und der Erziehung\u201c. Die hier aufz\u00e4hlend nebeneinander stehenden Begriffe sind tats\u00e4chlich miteinander verwoben und nicht voneinander zu trennen. Sie bedingen sich gegenseitig.<\/p>\n\n\n\n<p>Die Verwirklichung dieses Zwecks geschieht durch die positive Beeinflussung der k\u00f6rperlichen Fitness, der sozialen Grundeinstellungen und der emotionalen Verfassung seiner Mitglieder. Diese ganzheitliche F\u00f6rderung setzt zwingend die Beachtung von Werten und eine Vereinskultur voraus, die fundamentale und allgemein g\u00fcltige Prinzipen enth\u00e4lt (z.B. respektvoller und wertsch\u00e4tzender Umgang miteinander, Verzicht auf jedwede Art von Diskriminierung und Gewalt, Mitverantwortung und Selbstbestimmung).<\/p>\n\n\n\n<p>Effekte sozialer Gruppenarbeit, regelm\u00e4\u00dfiges Training, das Herstellen von Teamgeist und Solidarit\u00e4t, die Wirkung von Vorbildern &#8211; auch aus dem eigenen Verein &#8211; und nat\u00fcrlich auch sportliche Erfolge tragen ma\u00dfgeblich zu dieser F\u00f6rderung bei.<\/p>\n\n\n\n<p>Interpersonelle Gewalt in seinen vielf\u00e4ltigen Erscheinungsformen laufen all diesen Zielen zuwider. Sie muss daher enttabuisiert und offen angesprochen werden, um klarzustellen, dass ein solches Verhalten bei uns keinen Platz hat. Diese Kultur ist ein Prozess, der Engagement, Offenheit und den Willen zur st\u00e4ndigen Reflexion und Verbesserung erfordert.<\/p>\n\n\n\n<p>Der SSV MESCHEDE will mit diesem Schutzkonzept diesen Prozess in Gang setzen und effektiv f\u00f6rdern.<\/p>\n\n\n\n<div data-wp-interactive=\"core\/file\" class=\"wp-block-file\"><object data-wp-bind--hidden=\"!state.hasPdfPreview\" hidden class=\"wp-block-file__embed\" data=\"https:\/\/basketball-meschede.de\/wp-content\/uploads\/2026\/03\/Schutzkonzept_gegen_interpersonelle_und_sexualisierte_Gewalt_V002.pdf\" type=\"application\/pdf\" style=\"width:100%;height:600px\" aria-label=\"Einbettung von Schutzkonzept_gegen_interpersonelle_und_sexualisierte_Gewalt_V002.\"><\/object><a id=\"wp-block-file--media-33d6c076-ac52-440a-94a2-59a23b9730b7\" href=\"https:\/\/basketball-meschede.de\/wp-content\/uploads\/2026\/03\/Schutzkonzept_gegen_interpersonelle_und_sexualisierte_Gewalt_V002.pdf\">Schutzkonzept_gegen_interpersonelle_und_sexualisierte_Gewalt_V002<\/a><a href=\"https:\/\/basketball-meschede.de\/wp-content\/uploads\/2026\/03\/Schutzkonzept_gegen_interpersonelle_und_sexualisierte_Gewalt_V002.pdf\" class=\"wp-block-file__button wp-element-button\" download aria-describedby=\"wp-block-file--media-33d6c076-ac52-440a-94a2-59a23b9730b7\">Herunterladen<\/a><\/div>\n\n\n\n<hr class=\"wp-block-separator has-alpha-channel-opacity\"\/>\n\n\n\n<p>Bitte beteiligen Sie sich an dem kontinuierlichen Verbesserungsprozess und geben Sie uns Anregungen.<br>Wir sind f\u00fcr jede ehrlich gemeinte Kritik offen.<br>SSV MESCHEDE | D\u00fcnnefeldweg 11 | 59872 Meschede&nbsp; &nbsp;Mail info@ssv-meschede.de<\/p>\n\n\n\n<hr class=\"wp-block-separator has-alpha-channel-opacity\"\/>\n\n\n\n<p>Das Schutzkonzept wurde bei der Mitgliederversammlung am 29.04.2025 beschlossenen.<\/p>\n","protected":false},"excerpt":{"rendered":"<p>Schutzkonzept gegen interpersonelle und sexualisierte Gewalt Das Landeskinderschutzgesetz (2022) fordert die Entwicklung, Anwendung und \u00dcberpr\u00fcfung von Schutzkonzepten bei allen Tr\u00e4gern von Angeboten nach dem Kinder- und Jugendf\u00f6rderungsgesetz NRW. Der SSV MESCHEDE beschreibt in der Satzung seinen Zweck durch die Formulierung \u201eF\u00f6rderung des Sports, der Jugendhilfe und der Erziehung\u201c. Die hier aufz\u00e4hlend nebeneinander stehenden Begriffe sind<\/p>\n<p class=\"more-link\"><a href=\"https:\/\/basketball-meschede.de\/?page_id=398\" class=\"themebutton2\">Read More<\/a><\/p>\n","protected":false},"author":1,"featured_media":0,"parent":0,"menu_order":0,"comment_status":"closed","ping_status":"closed","template":"","meta":{"footnotes":""},"categories":[],"tags":[],"class_list":["post-398","page","type-page","status-publish","hentry"],"_links":{"self":[{"href":"https:\/\/basketball-meschede.de\/index.php?rest_route=\/wp\/v2\/pages\/398","targetHints":{"allow":["GET"]}}],"collection":[{"href":"https:\/\/basketball-meschede.de\/index.php?rest_route=\/wp\/v2\/pages"}],"about":[{"href":"https:\/\/basketball-meschede.de\/index.php?rest_route=\/wp\/v2\/types\/page"}],"author":[{"embeddable":true,"href":"https:\/\/basketball-meschede.de\/index.php?rest_route=\/wp\/v2\/users\/1"}],"replies":[{"embeddable":true,"href":"https:\/\/basketball-meschede.de\/index.php?rest_route=%2Fwp%2Fv2%2Fcomments&post=398"}],"version-history":[{"count":3,"href":"https:\/\/basketball-meschede.de\/index.php?rest_route=\/wp\/v2\/pages\/398\/revisions"}],"predecessor-version":[{"id":510,"href":"https:\/\/basketball-meschede.de\/index.php?rest_route=\/wp\/v2\/pages\/398\/revisions\/510"}],"wp:attachment":[{"href":"https:\/\/basketball-meschede.de\/index.php?rest_route=%2Fwp%2Fv2%2Fmedia&parent=398"}],"wp:term":[{"taxonomy":"category","embeddable":true,"href":"https:\/\/basketball-meschede.de\/index.php?rest_route=%2Fwp%2Fv2%2Fcategories&post=398"},{"taxonomy":"post_tag","embeddable":true,"href":"https:\/\/basketball-meschede.de\/index.php?rest_route=%2Fwp%2Fv2%2Ftags&post=398"}],"curies":[{"name":"wp","href":"https:\/\/api.w.org\/{rel}","templated":true}]}}